{"id":1136,"date":"2025-06-19T15:28:52","date_gmt":"2025-06-19T15:28:52","guid":{"rendered":"https:\/\/guedondj.com\/servicios\/"},"modified":"2025-07-05T15:06:35","modified_gmt":"2025-07-05T15:06:35","slug":"servicios","status":"publish","type":"page","link":"https:\/\/guedondj.com\/en\/servicios\/","title":{"rendered":"Servicios"},"content":{"rendered":"<section class=\"header_15_3 background-1-dark\" id=\"\" data-block-id=\"69e1c7ec4d08069e1c7ec4d081\" data-block-name=\"acf\/header-15-3\" data-post-id=\"1136\" data-stable-id=\"block_c05cb459eb99fd320fb727a88385f4a0\">\r\n    <div class=\"container\" data-aos=\"fade-up\">\r\n        <div class=\"row\">\r\n            <div class=\"col header_15_3-center\">\r\n                                <h1 class=\"tamano2 color-2-headings-light\">Servicios<\/h1>\r\n                                                <div class=\"texto tamano7 color-2-body-light\"><p>Lorem ipsum dolor sit amet consectetur. Suspendisse amet pretium scelerisque elit et pellentesque. Ipsum massa aliquet pellentesque adipiscing mauris posuere nibh. Volutpat tincidunt id aliquet venenatis. Nunc enim imperdiet diam et purus sed urna. Et id nisl enim amet praesent. Sollicitudin sed tristique urna non nisl fringilla nunc.<\/p>\n<\/div>\r\n                            <\/div>\r\n        <\/div>\r\n    <\/div>\r\n<\/section>\r\n<style>\r\n    .header_15_3 .col {\r\n        max-width: 895px;\r\n    }\r\n\r\n    .header_15_3 .mask {\r\n        background: rgba(18, 18, 18, 0.50);\r\n        position: absolute;\r\n        top: 0;\r\n        left: 0;\r\n        width: 100%;\r\n        height: 100%;\r\n    }\r\n\r\n    .header_15_3 h1 {\r\n        padding-bottom: 25px;\r\n    }\r\n\r\n    .header_15_3 {\r\n        position: relative;\r\n        min-height: 500px;\r\n        padding: 150px 0;\r\n        display: flex;\r\n        align-items: center;\r\n        padding-top: 195px\r\n    }\r\n\r\n    .header_15_3-center {\r\n        text-align: center;\r\n        margin: 0 auto;\r\n    }\r\n\r\n    @media (max-width:992px) {\r\n        .header_15_3 {\r\n            padding: 100px 0;\r\n            min-height: auto;\r\n        }\r\n    }\r\n\r\n    @media (max-width:768px) {\r\n        .header_15_3 h1 {\r\n            line-height: var(--tamano3-line-height);\r\n        }\r\n    }\r\n<\/style>\r\n<section class=\"services_curvy1_13_3_1 background-1-light\" id=\"\" data-block-id=\"69e1c7ec4fbff69e1c7ec4fc01\" data-block-name=\"acf\/services-curvy1-13-3-1\" data-post-id=\"1136\" data-stable-id=\"block_e3de7697c302d78b6842e8928a85120d\">\r\n    <div class=\"container\">\r\n        <div class=\"row\">\r\n            <div class=\"col\">\r\n                                            <\/div>\r\n        <\/div>\r\n        <div class=\"row row-servicios\">\r\n            <div class=\"col col-servicios\">\r\n                                                                                    <a class=\"servicio-item\" href=\"https:\/\/guedondj.com\/en\/servicios\/mastering\/\">\r\n\r\n                            <div class=\"imagencont\">\r\n                                <div class=\"imagen\" style=\"background-image:url('https:\/\/guedondj.com\/wp-content\/uploads\/2025\/07\/Leonardo_Vision_XL_A_professional_audio_engineer_mastering_mus_0.jpg');\"\r\n                                    aria-label=\"\"><\/div>\r\n                            <\/div>\r\n                                                        <h3 class=\"tamano4 color-1-headings-dark\">Mastering<\/h3>\r\n                                                                                <\/a>\r\n                                                                    <a class=\"servicio-item\" href=\"https:\/\/guedondj.com\/en\/servicios\/mixing-mastering\/\">\r\n\r\n                            <div class=\"imagencont\">\r\n                                <div class=\"imagen\" style=\"background-image:url('https:\/\/guedondj.com\/wp-content\/dg-theme-addons\/services_curvy1_13-3-1\/\/521x668.jpg');\"\r\n                                    aria-label=\"\"><\/div>\r\n                            <\/div>\r\n                                                        <h3 class=\"tamano4 color-1-headings-dark\">Mixing &amp; Mastering<\/h3>\r\n                                                                                <\/a>\r\n                                                                    <a class=\"servicio-item\" href=\"https:\/\/guedondj.com\/en\/servicios\/mixing\/\">\r\n\r\n                            <div class=\"imagencont\">\r\n                                <div class=\"imagen\" style=\"background-image:url('https:\/\/guedondj.com\/wp-content\/dg-theme-addons\/services_curvy1_13-3-1\/\/521x668.jpg');\"\r\n                                    aria-label=\"\"><\/div>\r\n                            <\/div>\r\n                                                        <h3 class=\"tamano4 color-1-headings-dark\">Mixing<\/h3>\r\n                                                                                <\/a>\r\n                                                                    <a class=\"servicio-item\" href=\"https:\/\/guedondj.com\/en\/servicios\/produccion\/\">\r\n\r\n                            <div class=\"imagencont\">\r\n                                <div class=\"imagen\" style=\"background-image:url('https:\/\/guedondj.com\/wp-content\/dg-theme-addons\/services_curvy1_13-3-1\/\/521x668.jpg');\"\r\n                                    aria-label=\"\"><\/div>\r\n                            <\/div>\r\n                                                        <h3 class=\"tamano4 color-1-headings-dark\">Producci\u00f3n<\/h3>\r\n                                                                                <\/a>\r\n                                        <\/div>\r\n    <\/div>\r\n        <div class=\"col col-cta\">\r\n        <a class=\"btn-round tamano-7-mediumcta color-boton-2-texto-normal color-boton-2-normal color-boton-2-texto-hover color-boton-2-hover\"\r\n            href=\"https:\/\/guedondj.com\/servicios\" target=\"\">Ver m\u00e1s<\/a>\r\n    <\/div>\r\n    <\/section>\r\n<style>\r\n    .services_curvy1_13_3_1 .col-cta {\r\n        text-align: center;\r\n    }\r\n\r\n    .services_curvy1_13_3_1 .btn-round {\r\n        border-radius: 60px;\r\n        padding: 12px 25px;\r\n        display: inline-block;\r\n        margin-top: 55px;\r\n        min-width: 175px;\r\n        text-align: center;\r\n        transition: all ease .3s;\r\n        text-decoration: none;\r\n        transform: none;\r\n    }\r\n\r\n     .services_curvy1_13_3_1 .servicio-item h3 {\r\n        padding-bottom: 20px;\r\n    }\r\n\r\n    .services_curvy1_13_3_1 .col-servicios {\r\n        display: flex;\r\n        gap: 30px;\r\n        flex-wrap: wrap;\r\n        row-gap: 60px;\r\n        justify-content: center;\r\n    }\r\n\r\n    .services_curvy1_13_3_1 .servicio-item {\r\n        text-decoration: none;\r\n        width: calc(33.33% - 20px);\r\n    }\r\n\r\n    .services_curvy1_13_3_1 .servicio-item .imagencont {\r\n        margin-bottom: 24px;\r\n        overflow: hidden;\r\n        border-radius: 30px;\r\n    }\r\n\r\n    .services_curvy1_13_3_1 .servicio-item:hover .imagen {\r\n        transform: scale(1.1);\r\n    }\r\n\r\n    .services_curvy1_13_3_1 .servicio-item .imagen {\r\n        transform: none;\r\n        transition: all ease .3s;\r\n        aspect-ratio: 480 \/ 333;\r\n        width: 100%;\r\n        height: auto;\r\n        background-position: center;\r\n        background-repeat: no-repeat;\r\n        background-size: cover;\r\n        border-radius: 30px;\r\n    }\r\n\r\n     .services_curvy1_13_3_1 .servicio-item .imagencont .video {\r\n        width: 100%;\r\n        height: 100%;\r\n        overflow: hidden;\r\n        border-radius: 30px;\r\n        position: relative;\r\n        padding-bottom: 69.2%;\r\n    }\r\n\r\n     .services_curvy1_13_3_1 .servicio-item .imagencont .video iframe {\r\n        width: 100%;\r\n        height: 100%;\r\n        border: none;\r\n        position: absolute;\r\n        top: 0;\r\n        left: 0;\r\n    }\r\n\r\n    .services_curvy1_13_3_1 h2 {\r\n        padding-bottom: 30px;\r\n        max-width: 585px;\r\n        margin: 0 auto;\r\n        text-align: center;\r\n    }\r\n\r\n    .services_curvy1_13_3_1 .texto-top {\r\n        padding-bottom: 60px;\r\n        max-width: 895px;\r\n        margin: 0 auto;\r\n        text-align: center;\r\n    }\r\n\r\n    .services_curvy1_13_3_1 .servicio-item .texto ol,\r\n    .services_curvy1_13_3_1 .servicio-item .texto ul {\r\n        padding-left: 20px;\r\n    }\r\n\r\n    .services_curvy1_13_3_1 {\r\n        padding: 80px 150px;\r\n    }\r\n\r\n    @media (max-width:1550px) {\r\n\r\n        .services_curvy1_13_3_1 {\r\n            padding: 80px 50px;\r\n        }\r\n    }\r\n\r\n    @media (max-width:1350px) {\r\n        .services_curvy1_13_3_1 {\r\n            padding: 80px 0px;\r\n        }\r\n    }\r\n\r\n    @media (max-width:1200px) {\r\n        .services_curvy1_13_3_1 .servicio-item {\r\n            width: calc(50% - 15px);\r\n        }\r\n    }\r\n\r\n    @media (max-width:992px) {\r\n        .services_curvy1_13_3_1 .col-servicios {\r\n            row-gap: 30px;\r\n        }\r\n\r\n        .services_curvy1_13_3_1 h2 {\r\n            padding-bottom: 20px;\r\n        }\r\n\r\n        .services_curvy1_13_3_1 .texto-top {\r\n            padding-bottom: 35px;\r\n        }\r\n\r\n        .services_curvy1_13_3_1 {\r\n            padding: 40px 0;\r\n        }\r\n    }\r\n\r\n    @media (max-width:768px) {\r\n        .services_curvy1_13_3_1 .servicio-item {\r\n            width: 100%;\r\n        }\r\n\r\n        .services_curvy1_13_3_1 .servicio-item .imagencont .video iframe {\r\n            min-height: 310px;\r\n        }\r\n    }\r\n<\/style>\r\n<section class=\"cta_curvy1_3_1_2 background-1-light\" id=\"\" data-block-id=\"69e1c7ec5549469e1c7ec55495\" data-block-name=\"acf\/cta-curvy1-3-1-2\" data-post-id=\"1136\" data-stable-id=\"block_baebdb1bfc980ff91c5f514e7ff5120a\">\r\n    <div class=\"container\">\r\n        <div class=\"row\">\r\n            <div class=\"col\">\r\n                <div class=\"inner background-1-dark\">\r\n                                        <div class=\"titulo\">\r\n                        <h2 class=\"tamano3 color-2-headings-light\">Lorem ipsum dolor sit amet<\/h2>\r\n                    <\/div>\r\n                                                            <div class=\"texto color-2-body-light tamano7\"><p>Lorem ipsum dolor sit amet consectetur. Amet id dignissim id accumsan. Consequat feugiat ultrices ut tristique et proin. Vulputate diam quis nisl commodo. Quis tincidunt non quis sodales. Quis sed velit id arcu aenean.<\/p>\n<\/div>\r\n                                                                <div class=\"ctas\">\r\n                                                            <a href=\"#\" target=\"\" class=\"btn-round tamano-7-mediumcta color-boton-3-texto-normal color-boton-3-texto-hover color-boton-3-normal color-boton-3-hover\">\r\n    \r\n    <span>Lorem ipsum<\/span>\r\n<\/a>\r\n\r\n<style>\r\n    .btn-border-rounded {\r\n        border-radius: 12px !important;\r\n    }\r\n\r\n    .btn-border-square {\r\n        border-radius: 0 !important;\r\n    }\r\n\r\n    \/* Estilos de hover *\/\r\n    .btn-hover-hover1:hover {\r\n        filter: contrast(0.55);\r\n    }\r\n\r\n    .btn-hover-hover2:hover {\r\n        filter: sepia(2);\r\n    }\r\n\r\n    \/* Estilos del icono cuando existe *\/\r\n    a i {\r\n        margin-right: 8px;\r\n        font-size: 16px;\r\n    }\r\n\r\n    \/* Icono Lucide *\/\r\n    .btn-icon--lucide {\r\n        display: inline-flex;\r\n        align-items: center;\r\n        justify-content: center;\r\n        margin-right: 8px;\r\n    }\r\n\r\n    .btn-icon--lucide svg {\r\n        width: 16px;\r\n        height: 16px;\r\n        display: block;\r\n    }\r\n<\/style>\r\n                                                    <\/div>\r\n                                    <\/div>\r\n            <\/div>\r\n        <\/div>\r\n    <\/div>\r\n<\/section>\r\n<style>\r\n    .cta_curvy1_3_1_2 .inner {\r\n        display: flex;\r\n        gap: 30px;\r\n        border-radius: 30px;\r\n        align-items: center;\r\n        padding: 55px 150px;\r\n        justify-content: space-between;\r\n    }\r\n\r\n     .cta_curvy1_3_1_2 .titulo {\r\n        max-width: 430px;\r\n        width: 100%;\r\n    }\r\n\r\n    .cta_curvy1_3_1_2 .texto {\r\n        max-width: 660px;\r\n        text-align: left;\r\n        width: 100%;\r\n    }\r\n\r\n    .cta_curvy1_3_1_2 {\r\n        padding: 80px 0;\r\n        position: relative;\r\n    }\r\n\r\n    .cta_curvy1_3_1_2 .btn-round {\r\n        border-radius: 60px;\r\n        padding: 15px 30px;\r\n        display: inline-block;\r\n        text-align: center;\r\n        transition: all ease .3s;\r\n        text-decoration: none;\r\n        min-width: 278px;\r\n        display: flex;\r\n        align-items: center;\r\n        justify-content: center;\r\n    }\r\n\r\n    @media (max-width:1750px) {\r\n        .cta_curvy1_3_1_2 .texto {\r\n            max-width: 500px;\r\n        }\r\n    }\r\n\r\n    @media (max-width:1600px) {\r\n        .cta_curvy1_3_1_2 .inner {\r\n            padding-left: 50px;\r\n            padding-right: 50px;\r\n        }\r\n    }\r\n\r\n    @media (max-width:1400px) {\r\n        .cta_curvy1_3_1_2 .texto {\r\n            max-width: 100%;\r\n        }\r\n\r\n        .cta_curvy1_3_1_2 .titulo {\r\n            width: 100%;\r\n        }\r\n    }\r\n\r\n    @media (max-width:1200px) {\r\n        .cta_curvy1_3_1_2 .inner {\r\n            padding-left: 15px;\r\n            padding-right: 15px;\r\n        }\r\n    }\r\n\r\n    @media (max-width:992px) {\r\n        .cta_curvy1_3_1_2 .col .inner {\r\n            border-radius: 30px;\r\n            flex-direction: column;\r\n            align-items: center;\r\n            justify-content: center;\r\n        }\r\n\r\n         .cta_curvy1_3_1_2 .col .inner>* {\r\n            width: 100%;\r\n            max-width: 100%;\r\n            text-align: left;\r\n        }\r\n\r\n        .cta_curvy1_3_1_2 .inner {\r\n            padding: 33px 23px;\r\n        }\r\n\r\n        .cta_curvy1_3_1_2 .col .ctas {\r\n            display: flex;\r\n            align-items: center;\r\n            justify-content: start;\r\n        }\r\n\r\n        .cta_curvy1_3_1_2 .col {\r\n            flex-direction: column;\r\n            justify-content: center;\r\n            align-items: center;\r\n        }\r\n\r\n        .cta_curvy1_3_1_2 {\r\n            padding: 40px 0;\r\n        }\r\n\r\n        .cta_curvy1_3_1_2 .btn-round {\r\n            min-width: 240px\r\n        }\r\n\r\n        .cta_curvy1_3_1_2 .titulo h2 {\r\n            line-height: var(--tamano5-line-height);\r\n        }\r\n    }\r\n<\/style>\r\n","protected":false},"excerpt":{"rendered":"","protected":false},"author":1,"featured_media":0,"parent":0,"menu_order":0,"comment_status":"open","ping_status":"closed","template":"","meta":{"_acf_changed":false,"iawp_total_views":1,"footnotes":""},"class_list":["post-1136","page","type-page","status-publish","hentry"],"acf":[],"yoast_head":"<!-- This site is optimized with the Yoast SEO plugin v27.4 - https:\/\/yoast.com\/product\/yoast-seo-wordpress\/ -->\n<title>Servicios de Producci\u00f3n Musical - GUEDON<\/title>\n<meta name=\"description\" content=\"Descubre nuestros servicios de Producci\u00f3n, Mixing, Mastering y m\u00e1s. Calidad profesional para llevar tu m\u00fasica al siguiente nivel.\" \/>\n<meta name=\"robots\" content=\"index, follow, max-snippet:-1, max-image-preview:large, max-video-preview:-1\" \/>\n<link rel=\"canonical\" href=\"https:\/\/guedondj.com\/en\/servicios\/\" \/>\n<meta property=\"og:locale\" content=\"en_US\" \/>\n<meta property=\"og:type\" content=\"article\" \/>\n<meta property=\"og:title\" content=\"Servicios de Producci\u00f3n Musical - GUEDON\" \/>\n<meta property=\"og:description\" content=\"Descubre nuestros servicios de Producci\u00f3n, Mixing, Mastering y m\u00e1s. Calidad profesional para llevar tu m\u00fasica al siguiente nivel.\" \/>\n<meta property=\"og:url\" content=\"https:\/\/guedondj.com\/en\/servicios\/\" \/>\n<meta property=\"og:site_name\" content=\"GUEDON\" \/>\n<meta property=\"article:modified_time\" content=\"2025-07-05T15:06:35+00:00\" \/>\n<meta name=\"twitter:card\" content=\"summary_large_image\" \/>\n<!-- \/ Yoast SEO plugin. -->","yoast_head_json":{"title":"Servicios de Producci\u00f3n Musical - GUEDON","description":"Descubre nuestros servicios de Producci\u00f3n, Mixing, Mastering y m\u00e1s. Calidad profesional para llevar tu m\u00fasica al siguiente nivel.","robots":{"index":"index","follow":"follow","max-snippet":"max-snippet:-1","max-image-preview":"max-image-preview:large","max-video-preview":"max-video-preview:-1"},"canonical":"https:\/\/guedondj.com\/en\/servicios\/","og_locale":"en_US","og_type":"article","og_title":"Servicios de Producci\u00f3n Musical - GUEDON","og_description":"Descubre nuestros servicios de Producci\u00f3n, Mixing, Mastering y m\u00e1s. Calidad profesional para llevar tu m\u00fasica al siguiente nivel.","og_url":"https:\/\/guedondj.com\/en\/servicios\/","og_site_name":"GUEDON","article_modified_time":"2025-07-05T15:06:35+00:00","twitter_card":"summary_large_image","schema":{"@context":"https:\/\/schema.org","@graph":[{"@type":"WebPage","@id":"https:\/\/guedondj.com\/en\/servicios\/","url":"https:\/\/guedondj.com\/en\/servicios\/","name":"Servicios de Producci\u00f3n Musical - GUEDON","isPartOf":{"@id":"https:\/\/guedondj.com\/en\/#website"},"datePublished":"2025-06-19T15:28:52+00:00","dateModified":"2025-07-05T15:06:35+00:00","description":"Descubre nuestros servicios de Producci\u00f3n, Mixing, Mastering y m\u00e1s. Calidad profesional para llevar tu m\u00fasica al siguiente nivel.","breadcrumb":{"@id":"https:\/\/guedondj.com\/en\/servicios\/#breadcrumb"},"inLanguage":"en-US","potentialAction":[{"@type":"ReadAction","target":["https:\/\/guedondj.com\/en\/servicios\/"]}]},{"@type":"BreadcrumbList","@id":"https:\/\/guedondj.com\/en\/servicios\/#breadcrumb","itemListElement":[{"@type":"ListItem","position":1,"name":"Portada","item":"https:\/\/guedondj.com\/en\/"},{"@type":"ListItem","position":2,"name":"Servicios"}]},{"@type":"WebSite","@id":"https:\/\/guedondj.com\/en\/#website","url":"https:\/\/guedondj.com\/en\/","name":"GUEDON","description":"","potentialAction":[{"@type":"SearchAction","target":{"@type":"EntryPoint","urlTemplate":"https:\/\/guedondj.com\/en\/?s={search_term_string}"},"query-input":{"@type":"PropertyValueSpecification","valueRequired":true,"valueName":"search_term_string"}}],"inLanguage":"en-US"}]}},"_links":{"self":[{"href":"https:\/\/guedondj.com\/en\/wp-json\/wp\/v2\/pages\/1136","targetHints":{"allow":["GET"]}}],"collection":[{"href":"https:\/\/guedondj.com\/en\/wp-json\/wp\/v2\/pages"}],"about":[{"href":"https:\/\/guedondj.com\/en\/wp-json\/wp\/v2\/types\/page"}],"author":[{"embeddable":true,"href":"https:\/\/guedondj.com\/en\/wp-json\/wp\/v2\/users\/1"}],"replies":[{"embeddable":true,"href":"https:\/\/guedondj.com\/en\/wp-json\/wp\/v2\/comments?post=1136"}],"version-history":[{"count":5,"href":"https:\/\/guedondj.com\/en\/wp-json\/wp\/v2\/pages\/1136\/revisions"}],"predecessor-version":[{"id":1191,"href":"https:\/\/guedondj.com\/en\/wp-json\/wp\/v2\/pages\/1136\/revisions\/1191"}],"wp:attachment":[{"href":"https:\/\/guedondj.com\/en\/wp-json\/wp\/v2\/media?parent=1136"}],"curies":[{"name":"wp","href":"https:\/\/api.w.org\/{rel}","templated":true}]}}